{"id":29,"date":"2024-09-11T04:05:35","date_gmt":"2024-09-11T04:05:35","guid":{"rendered":"https:\/\/infracnovi.com\/?page_id=29"},"modified":"2025-10-06T19:36:40","modified_gmt":"2025-10-06T19:36:40","slug":"servicios-y-programas","status":"publish","type":"page","link":"https:\/\/infracnovi.com\/?page_id=29","title":{"rendered":"Servicios y Programas"},"content":{"rendered":"<p>[et_pb_section fb_built=&#8221;1&#8243; fullwidth=&#8221;on&#8221; _builder_version=&#8221;4.18.1&#8243; _module_preset=&#8221;default&#8221; background_color=&#8221;#000000&#8243; locked=&#8221;off&#8221; global_colors_info=&#8221;{}&#8221;][et_pb_fullwidth_header title=&#8221;Programas y Servicios&#8221; text_orientation=&#8221;center&#8221; _builder_version=&#8221;4.18.1&#8243; _module_preset=&#8221;default&#8221; title_font_size=&#8221;40px&#8221; title_letter_spacing=&#8221;1px&#8221; background_color=&#8221;#242424&#8243; background_image=&#8221;https:\/\/infracnovi.com\/wp-content\/uploads\/2024\/09\/Foto-1.png&#8221; background_blend=&#8221;overlay&#8221; global_colors_info=&#8221;{}&#8221;][\/et_pb_fullwidth_header][\/et_pb_section][et_pb_section fb_built=&#8221;1&#8243; _builder_version=&#8221;4.18.1&#8243; _module_preset=&#8221;default&#8221; global_colors_info=&#8221;{}&#8221;][et_pb_row _builder_version=&#8221;4.18.1&#8243; _module_preset=&#8221;default&#8221; global_colors_info=&#8221;{}&#8221;][et_pb_column type=&#8221;4_4&#8243; _builder_version=&#8221;4.18.1&#8243; _module_preset=&#8221;default&#8221; global_colors_info=&#8221;{}&#8221;][et_pb_text _builder_version=&#8221;4.18.1&#8243; _module_preset=&#8221;default&#8221; custom_margin=&#8221;-1px|||||&#8221; global_colors_info=&#8221;{}&#8221;]<\/p>\n<h1 style=\"text-align: center;\"><strong>Servicios de Atenci\u00f3n<\/strong><\/h1>\n<p>[\/et_pb_text][\/et_pb_column][\/et_pb_row][et_pb_row column_structure=&#8221;1_2,1_2&#8243; _builder_version=&#8221;4.18.1&#8243; _module_preset=&#8221;default&#8221; global_colors_info=&#8221;{}&#8221;][et_pb_column type=&#8221;1_2&#8243; _builder_version=&#8221;4.18.1&#8243; _module_preset=&#8221;default&#8221; global_colors_info=&#8221;{}&#8221;][et_pb_icon font_icon=&#8221;&#xe064;||fa||900&#8243; icon_color=&#8221;#1d6ec0&#8243; _builder_version=&#8221;4.18.1&#8243; _module_preset=&#8221;default&#8221; global_colors_info=&#8221;{}&#8221;][\/et_pb_icon][et_pb_text _builder_version=&#8221;4.18.1&#8243; _module_preset=&#8221;default&#8221; header_font=&#8221;|700|||||||&#8221; header_2_font=&#8221;|700|||||||&#8221; header_2_text_align=&#8221;center&#8221; header_2_font_size=&#8221;28px&#8221; global_colors_info=&#8221;{}&#8221;]<\/p>\n<h2>Servicio de Atenci\u00f3n Psicopedag\u00f3gica<\/h2>\n<p>&nbsp;<\/p>\n<p>[\/et_pb_text][et_pb_button button_url=&#8221;#SAP&#8221; button_text=&#8221;Ver m\u00e1s&#8221; button_alignment=&#8221;center&#8221; _builder_version=&#8221;4.18.1&#8243; _module_preset=&#8221;default&#8221; custom_button=&#8221;on&#8221; button_text_size=&#8221;18px&#8221; button_border_radius=&#8221;67px&#8221; button_letter_spacing=&#8221;1px&#8221; button_font=&#8221;Arial||||||||&#8221; global_colors_info=&#8221;{}&#8221;][\/et_pb_button][\/et_pb_column][et_pb_column type=&#8221;1_2&#8243; _builder_version=&#8221;4.18.1&#8243; _module_preset=&#8221;default&#8221; global_colors_info=&#8221;{}&#8221;][et_pb_icon font_icon=&#8221;&#xf11c;||fa||900&#8243; icon_color=&#8221;#1d6ec0&#8243; _builder_version=&#8221;4.18.1&#8243; _module_preset=&#8221;default&#8221; global_colors_info=&#8221;{}&#8221;][\/et_pb_icon][et_pb_text _builder_version=&#8221;4.18.1&#8243; _module_preset=&#8221;default&#8221; header_2_font_size=&#8221;28px&#8221; global_colors_info=&#8221;{}&#8221;]<\/p>\n<h2 style=\"text-align: center;\"><strong>Centro de recursos y tiflotecnolog\u00eda<\/strong><\/h2>\n<p>&nbsp;<\/p>\n<p>[\/et_pb_text][et_pb_button button_url=&#8221;#Tiflo&#8221; button_text=&#8221;Ver m\u00e1s&#8221; button_alignment=&#8221;center&#8221; _builder_version=&#8221;4.18.1&#8243; _module_preset=&#8221;default&#8221; custom_button=&#8221;on&#8221; button_text_size=&#8221;18px&#8221; button_border_radius=&#8221;67px&#8221; button_letter_spacing=&#8221;1px&#8221; button_font=&#8221;Arial||||||||&#8221; global_colors_info=&#8221;{}&#8221;][\/et_pb_button][\/et_pb_column][\/et_pb_row][\/et_pb_section][et_pb_section fb_built=&#8221;1&#8243; _builder_version=&#8221;4.18.1&#8243; _module_preset=&#8221;default&#8221; global_colors_info=&#8221;{}&#8221;][et_pb_row column_structure=&#8221;1_2,1_2&#8243; module_id=&#8221;SAP&#8221; _builder_version=&#8221;4.18.1&#8243; _module_preset=&#8221;default&#8221; global_colors_info=&#8221;{}&#8221;][et_pb_column type=&#8221;1_2&#8243; _builder_version=&#8221;4.18.1&#8243; _module_preset=&#8221;default&#8221; global_colors_info=&#8221;{}&#8221;][et_pb_text _builder_version=&#8221;4.18.1&#8243; _module_preset=&#8221;default&#8221; header_2_font=&#8221;|600|||||||&#8221; locked=&#8221;off&#8221; global_colors_info=&#8221;{}&#8221;]<\/p>\n<h2 style=\"text-align: left;\">Servicio de Atenci\u00f3n Psicopedag\u00f3gica (SAP)<\/h2>\n<p>[\/et_pb_text][et_pb_text _builder_version=&#8221;4.18.1&#8243; _module_preset=&#8221;default&#8221; text_font=&#8221;Arial||||||||&#8221; text_font_size=&#8221;16px&#8221; text_orientation=&#8221;center&#8221; custom_padding=&#8221;0px|||||&#8221; locked=&#8221;off&#8221; global_colors_info=&#8221;{}&#8221;]<\/p>\n<p style=\"text-align: justify;\">El Servicio de Atenci\u00f3n Psicopedag\u00f3gica (SAP) de INFRACNOVI, es un servicio para los participantes con discapacidad visual, discapacidad m\u00faltiple y sordo ceguera y sus familias que, a trav\u00e9s de un conjunto coordinado de actividades realizadas por profesionales de psicolog\u00eda y Educaci\u00f3n especial, apoya su proceso de rehabilitaci\u00f3n e inclusi\u00f3n ayud\u00e1ndoles a obtener el m\u00e1ximo provecho de su experiencia y aprendizaje en los diversos programas y servicios que reciben en la instituci\u00f3n.<\/p>\n<p>[\/et_pb_text][et_pb_text _builder_version=&#8221;4.18.1&#8243; _module_preset=&#8221;default&#8221; text_font=&#8221;Arial||||||||&#8221; text_font_size=&#8221;16px&#8221; text_orientation=&#8221;center&#8221; hover_enabled=&#8221;0&#8243; global_colors_info=&#8221;{}&#8221; sticky_enabled=&#8221;0&#8243;]<\/p>\n<h4 style=\"text-align: justify;\"><strong><span dir=\"auto\" style=\"vertical-align: inherit;\"><span dir=\"auto\" style=\"vertical-align: inherit;\">Objetivo general<\/span><\/span><\/strong><\/h4>\n<p style=\"text-align: justify;\"><span dir=\"auto\" style=\"vertical-align: inherit;\"><span dir=\"auto\" style=\"vertical-align: inherit;\">Contribuir al proceso de rehabilitaci\u00f3n e inclusi\u00f3n de personas con discapacidad visual, m\u00faltiple y sordoceguera, as\u00ed como a sus familias, mediante la implementaci\u00f3n de un servicio psicopedag\u00f3gico en las \u00e1reas educativa, familiar, emocional, social y laboral.<\/span><\/span><\/p>\n<h4 style=\"text-align: justify;\"><strong><span dir=\"auto\" style=\"vertical-align: inherit;\"><span dir=\"auto\" style=\"vertical-align: inherit;\">Objetivos espec\u00edficos<\/span><\/span><\/strong><\/h4>\n<p style=\"text-align: justify;\"><span dir=\"auto\" style=\"vertical-align: inherit;\"><span dir=\"auto\" style=\"vertical-align: inherit;\">Crear expedientes de los participantes con informaci\u00f3n detallada sobre su desarrollo mediante entrevistas, estudios de caso y diagn\u00f3sticos m\u00e9dicos.<\/span><\/span><\/p>\n<ul>\n<li style=\"text-align: justify;\"><span dir=\"auto\" style=\"vertical-align: inherit;\"><span dir=\"auto\" style=\"vertical-align: inherit;\">Aplique evaluaciones psicol\u00f3gicas y pedag\u00f3gicas individualizadas para orientar las atenciones necesarias.<\/span><\/span><\/li>\n<li style=\"text-align: justify;\"><span dir=\"auto\" style=\"vertical-align: inherit;\"><span dir=\"auto\" style=\"vertical-align: inherit;\">Realizar seguimientos psicopedag\u00f3gicos seg\u00fan las necesidades detectadas.<\/span><\/span><\/li>\n<li style=\"text-align: justify;\"><span dir=\"auto\" style=\"vertical-align: inherit;\"><span dir=\"auto\" style=\"vertical-align: inherit;\">Ofrecer asistencia psicol\u00f3gica para favorecer el crecimiento psicosocial de los participantes y sus familias.<\/span><\/span><\/li>\n<li style=\"text-align: justify;\"><span dir=\"auto\" style=\"vertical-align: inherit;\"><span dir=\"auto\" style=\"vertical-align: inherit;\">Brindar orientaci\u00f3n vocacional a los j\u00f3venes antes de su ingreso a la universidad.<\/span><\/span><\/li>\n<li style=\"text-align: justify;\"><span dir=\"auto\" style=\"vertical-align: inherit;\"><span dir=\"auto\" style=\"vertical-align: inherit;\">Desarrollar talleres enfocados en el autoconocimiento, la interacci\u00f3n social y temas de inter\u00e9s para los participantes.<\/span><\/span><\/li>\n<li style=\"text-align: justify;\"><span dir=\"auto\" style=\"vertical-align: inherit;\"><span dir=\"auto\" style=\"vertical-align: inherit;\">Asesorar y capacitar a los padres para que apoyen eficazmente a los participantes.<\/span><\/span><\/li>\n<li style=\"text-align: justify;\"><span dir=\"auto\" style=\"vertical-align: inherit;\"><span dir=\"auto\" style=\"vertical-align: inherit;\">Capacitar a docentes y t\u00e9cnicos para mejorar la atenci\u00f3n a personas con discapacidad visual y promover un mayor compromiso institucional.<\/span><\/span><\/li>\n<\/ul>\n<p>[\/et_pb_text][\/et_pb_column][et_pb_column type=&#8221;1_2&#8243; _builder_version=&#8221;4.18.1&#8243; _module_preset=&#8221;default&#8221; global_colors_info=&#8221;{}&#8221;][et_pb_image src=&#8221;https:\/\/infracnovi.com\/wp-content\/uploads\/2024\/09\/22.jpg&#8221; alt=&#8221;Capacitaci\u00f3n a estudiantes de la Escuela Gran Comisi\u00f3n sobre discapacidad visual, con participantes sentados alrededor de una mesa, atentos a la presentaci\u00f3n y materiales educativos.&#8221; title_text=&#8221;Foto 22 &#8211; Psicopedag\u00f3gica&#8221; _builder_version=&#8221;4.18.1&#8243; _module_preset=&#8221;default&#8221; global_colors_info=&#8221;{}&#8221;][\/et_pb_image][et_pb_image src=&#8221;https:\/\/infracnovi.com\/wp-content\/uploads\/2024\/09\/23.jpeg&#8221; alt=&#8221;Capacitaci\u00f3n a 100 estudiantes de la carrera de Lenguas Extranjeras de la Universidad Nacional Aut\u00f3noma de Honduras sobre discapacidad visual, con un presentador explicando las orientaciones generales para la inclusi\u00f3n educativa.&#8221; title_text=&#8221;Foto 23 &#8211; Psicopedag\u00f3gica&#8221; _builder_version=&#8221;4.18.1&#8243; _module_preset=&#8221;default&#8221; global_colors_info=&#8221;{}&#8221;][\/et_pb_image][et_pb_image src=&#8221;https:\/\/infracnovi.com\/wp-content\/uploads\/2024\/09\/11-1.jpg&#8221; title_text=&#8221;11.&#8221; _builder_version=&#8221;4.18.1&#8243; _module_preset=&#8221;default&#8221; global_colors_info=&#8221;{}&#8221;][\/et_pb_image][\/et_pb_column][\/et_pb_row][et_pb_row column_structure=&#8221;1_2,1_2&#8243; module_id=&#8221;Tiflo&#8221; _builder_version=&#8221;4.18.1&#8243; _module_preset=&#8221;default&#8221; locked=&#8221;off&#8221; global_colors_info=&#8221;{}&#8221;][et_pb_column type=&#8221;1_2&#8243; _builder_version=&#8221;4.18.1&#8243; _module_preset=&#8221;default&#8221; global_colors_info=&#8221;{}&#8221;][et_pb_image src=&#8221;https:\/\/infracnovi.com\/wp-content\/uploads\/2024\/09\/WhatsApp-Image-2024-09-09-at-09.39.28.jpeg&#8221; title_text=&#8221;WhatsApp Image 2024-09-09 at 09.39.28&#8243; _builder_version=&#8221;4.18.1&#8243; _module_preset=&#8221;default&#8221; custom_margin=&#8221;62px||||false|false&#8221; global_colors_info=&#8221;{}&#8221;][\/et_pb_image][et_pb_image src=&#8221;https:\/\/infracnovi.com\/wp-content\/uploads\/2024\/09\/18.jpeg&#8221; title_text=&#8221;18&#8243; _builder_version=&#8221;4.18.1&#8243; _module_preset=&#8221;default&#8221; custom_margin=&#8221;7px||||false|false&#8221; custom_padding=&#8221;25px||||false|false&#8221; global_colors_info=&#8221;{}&#8221;][\/et_pb_image][\/et_pb_column][et_pb_column type=&#8221;1_2&#8243; _builder_version=&#8221;4.18.1&#8243; _module_preset=&#8221;default&#8221; global_colors_info=&#8221;{}&#8221;][et_pb_text _builder_version=&#8221;4.18.1&#8243; _module_preset=&#8221;default&#8221; global_colors_info=&#8221;{}&#8221;]<\/p>\n<h2 style=\"text-align: left;\"><strong>Centro de recursos y tiflotecnolog\u00eda<\/strong><\/h2>\n<p>[\/et_pb_text][et_pb_text _builder_version=&#8221;4.18.1&#8243; _module_preset=&#8221;default&#8221; text_font=&#8221;Arial||||||||&#8221; text_font_size=&#8221;16px&#8221; text_orientation=&#8221;center&#8221; global_colors_info=&#8221;{}&#8221;]<\/p>\n<p style=\"text-align: justify;\">\u00c9ste es un servicio destinado para proveer a los estudiantes con discapacidad visual de la instituci\u00f3n los recursos necesarios para su proceso de habilitaci\u00f3n, rehabilitaci\u00f3n e inclusi\u00f3n, el centro dota al estudiante y su familia de materiales, ayudas t\u00e9cnicas, ayudas \u00f3pticas, recursos did\u00e1cticos y pedag\u00f3gicos adaptados.<\/p>\n<p>[\/et_pb_text][et_pb_text _builder_version=&#8221;4.18.1&#8243; _module_preset=&#8221;default&#8221; text_font=&#8221;Arial||||||||&#8221; text_font_size=&#8221;16px&#8221; text_orientation=&#8221;center&#8221; hover_enabled=&#8221;0&#8243; global_colors_info=&#8221;{}&#8221; sticky_enabled=&#8221;0&#8243;]<\/p>\n<h4 style=\"text-align: justify;\"><strong><span dir=\"auto\" style=\"vertical-align: inherit;\"><span dir=\"auto\" style=\"vertical-align: inherit;\">Objetivos:<\/span><\/span><\/strong><\/h4>\n<ol style=\"text-align: justify;\">\n<li><span dir=\"auto\" style=\"vertical-align: inherit;\"><span dir=\"auto\" style=\"vertical-align: inherit;\">Facilitar la habilitaci\u00f3n, rehabilitaci\u00f3n e inclusi\u00f3n de estudiantes con discapacidad visual mediante materiales adaptados, ayudas t\u00e9cnicas y recursos pedag\u00f3gicos.<\/span><\/span><\/li>\n<li><span dir=\"auto\" style=\"vertical-align: inherit;\"><span dir=\"auto\" style=\"vertical-align: inherit;\">Apoyar la ense\u00f1anza de competencias tecnol\u00f3gicas que promuevan la inclusi\u00f3n educativa y laboral.<\/span><\/span><\/li>\n<li><span dir=\"auto\" style=\"vertical-align: inherit;\"><span dir=\"auto\" style=\"vertical-align: inherit;\">Capacitar a la sociedad en tecnolog\u00eda y recursos pedag\u00f3gicos para concienciar sobre la accesibilidad y el uso de las tecnolog\u00edas.<\/span><\/span><\/li>\n<\/ol>\n<h5 style=\"text-align: justify;\"><strong><span dir=\"auto\" style=\"vertical-align: inherit;\"><span dir=\"auto\" style=\"vertical-align: inherit;\">Horario de Atenci\u00f3n<\/span><\/span><\/strong><\/h5>\n<p style=\"text-align: justify;\"><span dir=\"auto\" style=\"vertical-align: inherit;\"><span dir=\"auto\" style=\"vertical-align: inherit;\">El centro de recursos y tiflotecnolog\u00eda atiende de lunes a viernes, de 8:00 am a 4:00 pm<\/span><\/span><\/p>\n<h5 style=\"text-align: justify;\"><strong><span dir=\"auto\" style=\"vertical-align: inherit;\"><span dir=\"auto\" style=\"vertical-align: inherit;\">Servicios Ofrecidos<\/span><\/span><\/strong><\/h5>\n<ul>\n<li style=\"text-align: justify;\"><span dir=\"auto\" style=\"vertical-align: inherit;\"><span dir=\"auto\" style=\"vertical-align: inherit;\">Transcripci\u00f3n e impresi\u00f3n de documentos en Braille (libros, diplomas, tarjetas, etc.).<\/span><\/span><\/li>\n<li style=\"text-align: justify;\"><span dir=\"auto\" style=\"vertical-align: inherit;\"><span dir=\"auto\" style=\"vertical-align: inherit;\">Ampliaci\u00f3n de textos para personas con baja visi\u00f3n.<\/span><\/span><\/li>\n<li style=\"text-align: justify;\"><span dir=\"auto\" style=\"vertical-align: inherit;\"><span dir=\"auto\" style=\"vertical-align: inherit;\">Elaboraci\u00f3n de libros con rayado especial.<\/span><\/span><\/li>\n<li style=\"text-align: justify;\"><span dir=\"auto\" style=\"vertical-align: inherit;\"><span dir=\"auto\" style=\"vertical-align: inherit;\">Biblioteca f\u00edsica y digital.<\/span><\/span><\/li>\n<li style=\"text-align: justify;\"><span dir=\"auto\" style=\"vertical-align: inherit;\"><span dir=\"auto\" style=\"vertical-align: inherit;\">Uso de la m\u00e1quina Piaf para figuras en relieve.<\/span><\/span><\/li>\n<li style=\"text-align: justify;\"><span dir=\"auto\" style=\"vertical-align: inherit;\"><span dir=\"auto\" style=\"vertical-align: inherit;\">Producci\u00f3n de libros en formato sonoro.<\/span><\/span><\/li>\n<li style=\"text-align: justify;\"><span dir=\"auto\" style=\"vertical-align: inherit;\"><span dir=\"auto\" style=\"vertical-align: inherit;\">Dotaci\u00f3n de ayudas t\u00e9cnicas y \u00f3pticas.<\/span><\/span><\/li>\n<li style=\"text-align: justify;\"><span dir=\"auto\" style=\"vertical-align: inherit;\"><span dir=\"auto\" style=\"vertical-align: inherit;\">Clases de tecnolog\u00eda para estudiantes con discapacidad visual.<\/span><\/span><\/li>\n<\/ul>\n<p>[\/et_pb_text][\/et_pb_column][\/et_pb_row][\/et_pb_section][et_pb_section fb_built=&#8221;1&#8243; _builder_version=&#8221;4.18.1&#8243; _module_preset=&#8221;default&#8221; global_colors_info=&#8221;{}&#8221;][et_pb_row _builder_version=&#8221;4.18.1&#8243; _module_preset=&#8221;default&#8221; locked=&#8221;off&#8221; global_colors_info=&#8221;{}&#8221;][et_pb_column type=&#8221;4_4&#8243; _builder_version=&#8221;4.18.1&#8243; _module_preset=&#8221;default&#8221; global_colors_info=&#8221;{}&#8221;][et_pb_text _builder_version=&#8221;4.18.1&#8243; _module_preset=&#8221;default&#8221; custom_margin=&#8221;-1px|||||&#8221; global_colors_info=&#8221;{}&#8221;]<\/p>\n<h1 style=\"text-align: center;\"><strong>Programas<\/strong><\/h1>\n<p>[\/et_pb_text][\/et_pb_column][\/et_pb_row][et_pb_row _builder_version=&#8221;4.18.1&#8243; _module_preset=&#8221;default&#8221; locked=&#8221;off&#8221; global_colors_info=&#8221;{}&#8221;][et_pb_column type=&#8221;4_4&#8243; _builder_version=&#8221;4.18.1&#8243; _module_preset=&#8221;default&#8221; global_colors_info=&#8221;{}&#8221;][et_pb_icon font_icon=&#8221;&#xf29d;||fa||900&#8243; icon_color=&#8221;#1d6ec0&#8243; _builder_version=&#8221;4.18.1&#8243; _module_preset=&#8221;default&#8221; global_colors_info=&#8221;{}&#8221;][\/et_pb_icon][et_pb_text _builder_version=&#8221;4.18.1&#8243; _module_preset=&#8221;default&#8221; text_line_height=&#8221;1.9em&#8221; header_2_font_size=&#8221;28px&#8221; header_2_line_height=&#8221;1.2em&#8221; global_colors_info=&#8221;{}&#8221;]<\/p>\n<h2 style=\"text-align: center;\"><strong>Discapacidad M\u00faltiple y Sordoceguera<\/strong><\/h2>\n<p><strong><\/strong><\/p>\n<p>[\/et_pb_text][et_pb_button button_url=&#8221;#multiple&#8221; button_text=&#8221;Ver m\u00e1s&#8221; button_alignment=&#8221;center&#8221; _builder_version=&#8221;4.18.1&#8243; _module_preset=&#8221;default&#8221; custom_button=&#8221;on&#8221; button_text_size=&#8221;18px&#8221; button_border_radius=&#8221;67px&#8221; button_letter_spacing=&#8221;1px&#8221; button_font=&#8221;Arial||||||||&#8221; global_colors_info=&#8221;{}&#8221;][\/et_pb_button][\/et_pb_column][\/et_pb_row][et_pb_row column_structure=&#8221;1_2,1_2&#8243; module_id=&#8221;multiple&#8221; _builder_version=&#8221;4.18.1&#8243; _module_preset=&#8221;default&#8221; locked=&#8221;off&#8221; global_colors_info=&#8221;{}&#8221;][et_pb_column type=&#8221;1_2&#8243; _builder_version=&#8221;4.18.1&#8243; _module_preset=&#8221;default&#8221; global_colors_info=&#8221;{}&#8221;][et_pb_image src=&#8221;https:\/\/infracnovi.com\/wp-content\/uploads\/2024\/09\/Foto-3.png&#8221; title_text=&#8221;Foto 3&#8243; _builder_version=&#8221;4.18.1&#8243; _module_preset=&#8221;default&#8221; global_colors_info=&#8221;{}&#8221;][\/et_pb_image][et_pb_image src=&#8221;https:\/\/infracnovi.com\/wp-content\/uploads\/2024\/09\/Foto-11-1.jpeg&#8221; title_text=&#8221;Foto 11&#8243; _builder_version=&#8221;4.18.1&#8243; _module_preset=&#8221;default&#8221; custom_padding=&#8221;29px||||false|false&#8221; global_colors_info=&#8221;{}&#8221;][\/et_pb_image][\/et_pb_column][et_pb_column type=&#8221;1_2&#8243; _builder_version=&#8221;4.18.1&#8243; _module_preset=&#8221;default&#8221; global_colors_info=&#8221;{}&#8221;][et_pb_text _builder_version=&#8221;4.18.1&#8243; _module_preset=&#8221;default&#8221; header_2_font=&#8221;|600|||||||&#8221; global_colors_info=&#8221;{}&#8221;]<\/p>\n<h2 style=\"text-align: left;\">Discapacidad M\u00faltiple y Sordoceguera<\/h2>\n<p>[\/et_pb_text][et_pb_text _builder_version=&#8221;4.18.1&#8243; _module_preset=&#8221;default&#8221; text_font=&#8221;Arial||||||||&#8221; text_font_size=&#8221;16px&#8221; text_orientation=&#8221;center&#8221; global_colors_info=&#8221;{}&#8221;]<\/p>\n<p style=\"text-align: justify;\">El programa est\u00e1 dise\u00f1ado para atender participantes de INFRACNOVI qu\u00e9 presentan como condici\u00f3n de vida, aquellas discapacidades m\u00faltiples asociadas a la visi\u00f3n entre las cuales destacan, par\u00e1lisis cerebral, autismo, algunos s\u00edndromes, sordoceguera, entre otras.<\/p>\n<p style=\"text-align: justify;\">El programa recibe a estas personas a partir de los cuatro a\u00f1os hasta su edad adulta seg\u00fan el caso, pretendiendo potenciar habilidades f\u00edsicas, psicol\u00f3gicas y sociales, maximizando sus competencias en las \u00e1reas del desarrollo<\/p>\n<p>[\/et_pb_text][et_pb_text _builder_version=&#8221;4.18.1&#8243; _module_preset=&#8221;default&#8221; text_font=&#8221;Arial||||||||&#8221; text_font_size=&#8221;16px&#8221; text_orientation=&#8221;center&#8221; global_colors_info=&#8221;{}&#8221;]<\/p>\n<h3 style=\"text-align: left;\"><strong>\u00c1reas del programa:<\/strong><\/h3>\n<p style=\"text-align: left;\"><strong><\/strong><\/p>\n<h4 style=\"text-align: left;\"><strong>Educaci\u00f3n no formal<\/strong><\/h4>\n<p style=\"text-align: justify;\">En esta \u00e1rea del programa, se reciben a los estudiantes con discapacidades m\u00faltiples severas asociadas a la visi\u00f3n, que desde cuatro a\u00f1os estimen que por sus necesidades, no podr\u00e1n ser incluidos en el sistema de educaci\u00f3n nacional, por lo que requieren una educaci\u00f3n complementaria en un centro especializado\u00a0 , en ese sentido el programa les ense\u00f1a las habilidades diarias necesarias, para su desarrollo, teniendo como base el curr\u00edculum nacional b\u00e1sico y algunos aspectos de apoyo familiar que favorezcan su Independencia.<\/p>\n<h4 style=\"text-align: left;\"><strong>Educaci\u00f3n ocupacional<\/strong><\/h4>\n<p style=\"text-align: justify;\">Cuando los participantes se encuentran en la adolescencia y adultez, el programa facilita alg\u00fan oficio, para desarrollar sus destrezas y generar recursos para su mantenimiento, dentro de los oficios que programa ense\u00f1a a los estudiantes est\u00e1n, bisuter\u00eda, panader\u00eda actividades de la vida diaria entre otros.<\/p>\n<p>[\/et_pb_text][\/et_pb_column][\/et_pb_row][\/et_pb_section]<\/p>\n","protected":false},"excerpt":{"rendered":"<p>Servicios de Atenci\u00f3nServicio de Atenci\u00f3n Psicopedag\u00f3gica &nbsp;Centro de recursos y tiflotecnolog\u00eda &nbsp;Servicio de Atenci\u00f3n Psicopedag\u00f3gica (SAP)El Servicio de Atenci\u00f3n Psicopedag\u00f3gica (SAP) de INFRACNOVI, es un servicio para los participantes con discapacidad visual, discapacidad m\u00faltiple y sordo ceguera y sus familias que, a trav\u00e9s de un conjunto coordinado de actividades realizadas por profesionales de psicolog\u00eda y [&hellip;]<\/p>\n","protected":false},"author":2,"featured_media":0,"parent":0,"menu_order":0,"comment_status":"closed","ping_status":"closed","template":"","meta":{"_et_pb_use_builder":"on","_et_pb_old_content":"","_et_gb_content_width":"","footnotes":""},"class_list":["post-29","page","type-page","status-publish","hentry"],"_links":{"self":[{"href":"https:\/\/infracnovi.com\/index.php?rest_route=\/wp\/v2\/pages\/29","targetHints":{"allow":["GET"]}}],"collection":[{"href":"https:\/\/infracnovi.com\/index.php?rest_route=\/wp\/v2\/pages"}],"about":[{"href":"https:\/\/infracnovi.com\/index.php?rest_route=\/wp\/v2\/types\/page"}],"author":[{"embeddable":true,"href":"https:\/\/infracnovi.com\/index.php?rest_route=\/wp\/v2\/users\/2"}],"replies":[{"embeddable":true,"href":"https:\/\/infracnovi.com\/index.php?rest_route=%2Fwp%2Fv2%2Fcomments&post=29"}],"version-history":[{"count":21,"href":"https:\/\/infracnovi.com\/index.php?rest_route=\/wp\/v2\/pages\/29\/revisions"}],"predecessor-version":[{"id":265,"href":"https:\/\/infracnovi.com\/index.php?rest_route=\/wp\/v2\/pages\/29\/revisions\/265"}],"wp:attachment":[{"href":"https:\/\/infracnovi.com\/index.php?rest_route=%2Fwp%2Fv2%2Fmedia&parent=29"}],"curies":[{"name":"wp","href":"https:\/\/api.w.org\/{rel}","templated":true}]}}