{"id":100,"date":"2024-09-15T23:36:12","date_gmt":"2024-09-15T23:36:12","guid":{"rendered":"https:\/\/infracnovi.com\/?page_id=100"},"modified":"2024-09-15T23:57:03","modified_gmt":"2024-09-15T23:57:03","slug":"imagenes","status":"publish","type":"page","link":"https:\/\/infracnovi.com\/?page_id=100","title":{"rendered":"Im\u00e1genes"},"content":{"rendered":"<p>[et_pb_section fb_built=&#8221;1&#8243; fullwidth=&#8221;on&#8221; _builder_version=&#8221;4.18.1&#8243; _module_preset=&#8221;default&#8221; locked=&#8221;off&#8221; global_colors_info=&#8221;{}&#8221;][et_pb_fullwidth_header title=&#8221;Con\u00f3cenos&#8221; text_orientation=&#8221;center&#8221; _builder_version=&#8221;4.18.1&#8243; _module_preset=&#8221;default&#8221; title_font=&#8221;Arial||||||||&#8221; title_font_size=&#8221;52px&#8221; title_letter_spacing=&#8221;3px&#8221; background_color=&#8221;#2E2E2E&#8221; background_image=&#8221;https:\/\/infracnovi.com\/wp-content\/uploads\/2024\/09\/Foto-1.png&#8221; background_blend=&#8221;overlay&#8221; global_colors_info=&#8221;{}&#8221;][\/et_pb_fullwidth_header][\/et_pb_section][et_pb_section fb_built=&#8221;1&#8243; _builder_version=&#8221;4.18.1&#8243; _module_preset=&#8221;default&#8221; global_colors_info=&#8221;{}&#8221;][et_pb_row column_structure=&#8221;1_3,1_3,1_3&#8243; _builder_version=&#8221;4.18.1&#8243; _module_preset=&#8221;default&#8221; global_colors_info=&#8221;{}&#8221;][et_pb_column type=&#8221;1_3&#8243; _builder_version=&#8221;4.18.1&#8243; _module_preset=&#8221;default&#8221; global_colors_info=&#8221;{}&#8221;][et_pb_image src=&#8221;https:\/\/infracnovi.com\/wp-content\/uploads\/2024\/09\/Foto-13.jpeg&#8221; alt=&#8221;Dos personas participando en una actividad de motricidad fina, utilizando objetos peque\u00f1os y un contenedor para desarrollar la precisi\u00f3n y la coordinaci\u00f3n de los movimientos de los dedos.&#8221; title_text=&#8221;Foto 13 &#8211; Discapacidad Multiple&#8221; _builder_version=&#8221;4.18.1&#8243; _module_preset=&#8221;default&#8221; global_colors_info=&#8221;{}&#8221;][\/et_pb_image][\/et_pb_column][et_pb_column type=&#8221;1_3&#8243; _builder_version=&#8221;4.18.1&#8243; _module_preset=&#8221;default&#8221; global_colors_info=&#8221;{}&#8221;][et_pb_image src=&#8221;https:\/\/infracnovi.com\/wp-content\/uploads\/2024\/09\/Foto-17.jpg&#8221; alt=&#8221;Tres personas participando en una actividad de estimulaci\u00f3n visual, utilizando un objeto circular con patrones azules y blancos para captar la atenci\u00f3n y desarrollar habilidades visuales.&#8221; title_text=&#8221;Foto 17 &#8211; Discapacidad Multiple&#8221; _builder_version=&#8221;4.18.1&#8243; _module_preset=&#8221;default&#8221; global_colors_info=&#8221;{}&#8221;][\/et_pb_image][\/et_pb_column][et_pb_column type=&#8221;1_3&#8243; _builder_version=&#8221;4.18.1&#8243; _module_preset=&#8221;default&#8221; global_colors_info=&#8221;{}&#8221;][et_pb_image src=&#8221;https:\/\/infracnovi.com\/wp-content\/uploads\/2024\/09\/Foto-20.jpg&#8221; alt=&#8221;Persona participando en un ejercicio de coordinaci\u00f3n y estimulaci\u00f3n visual, utilizando objetos y patrones para mejorar la precisi\u00f3n y la coordinaci\u00f3n visual.&#8221; title_text=&#8221;Foto 20 &#8211; Discapacidad Multiple&#8221; _builder_version=&#8221;4.18.1&#8243; _module_preset=&#8221;default&#8221; global_colors_info=&#8221;{}&#8221;][\/et_pb_image][\/et_pb_column][\/et_pb_row][\/et_pb_section][et_pb_section fb_built=&#8221;1&#8243; _builder_version=&#8221;4.18.1&#8243; _module_preset=&#8221;default&#8221; min_height=&#8221;517.9px&#8221; custom_margin=&#8221;-131px||||false|false&#8221; global_colors_info=&#8221;{}&#8221;][et_pb_row column_structure=&#8221;1_2,1_2&#8243; _builder_version=&#8221;4.18.1&#8243; _module_preset=&#8221;default&#8221; global_colors_info=&#8221;{}&#8221;][et_pb_column type=&#8221;1_2&#8243; _builder_version=&#8221;4.18.1&#8243; _module_preset=&#8221;default&#8221; global_colors_info=&#8221;{}&#8221;][et_pb_image src=&#8221;https:\/\/infracnovi.com\/wp-content\/uploads\/2024\/09\/foto-5.png&#8221; alt=&#8221;Ni\u00f1os participando en una actividad de integraci\u00f3n sensorial t\u00e1ctil, utilizando diferentes materiales y texturas para estimular el sentido del tacto&#8221; title_text=&#8221;Foto 2 &#8211; Discapacidad Multiple&#8221; _builder_version=&#8221;4.18.1&#8243; _module_preset=&#8221;default&#8221; global_colors_info=&#8221;{}&#8221;][\/et_pb_image][\/et_pb_column][et_pb_column type=&#8221;1_2&#8243; _builder_version=&#8221;4.18.1&#8243; _module_preset=&#8221;default&#8221; global_colors_info=&#8221;{}&#8221;][et_pb_image src=&#8221;https:\/\/infracnovi.com\/wp-content\/uploads\/2024\/09\/Foto-3.png&#8221; alt=&#8221;\u201cSeguimiento psicopedag\u00f3gico en un centro educativo de Valle de \u00c1ngeles, con una usuaria de Inclusi\u00f3n Educativa. La imagen muestra a una estudiante con uniforme escolar y una mochila rosa, acompa\u00f1ada por un profesional que lleva uniforme azul y sostiene una carpeta o tableta.&#8221; title_text=&#8221;Foto 10 &#8211; Psicopedagogica&#8221; _builder_version=&#8221;4.18.1&#8243; _module_preset=&#8221;default&#8221; global_colors_info=&#8221;{}&#8221;][\/et_pb_image][\/et_pb_column][\/et_pb_row][et_pb_row _builder_version=&#8221;4.18.1&#8243; _module_preset=&#8221;default&#8221; column_structure=&#8221;1_3,1_3,1_3&#8243;][et_pb_column _builder_version=&#8221;4.18.1&#8243; _module_preset=&#8221;default&#8221; type=&#8221;1_3&#8243;][et_pb_image src=&#8221;https:\/\/infracnovi.com\/wp-content\/uploads\/2024\/09\/Foto-5.jpeg&#8221; _builder_version=&#8221;4.18.1&#8243; _module_preset=&#8221;default&#8221; alt=&#8221;Ni\u00f1o disfrutando de actividades recreativas en un parque, siendo empujado en un columpio por un adulto. La escena muestra un entorno al aire libre con equipo de juego, destacando la importancia del ocio y la interacci\u00f3n social&#8221; title_text=&#8221;Foto 5 &#8211; Discapacidad Multiple&#8221; hover_enabled=&#8221;0&#8243; sticky_enabled=&#8221;0&#8243;][\/et_pb_image][\/et_pb_column][et_pb_column _builder_version=&#8221;4.18.1&#8243; _module_preset=&#8221;default&#8221; type=&#8221;1_3&#8243;][et_pb_image src=&#8221;https:\/\/infracnovi.com\/wp-content\/uploads\/2024\/09\/Foto-4.jpeg&#8221; _builder_version=&#8221;4.18.1&#8243; _module_preset=&#8221;default&#8221; alt=&#8221;Ni\u00f1o participando en una actividad de estimulaci\u00f3n visual, interactuando con luces brillantes y patrones para captar la atenci\u00f3n y desarrollar habilidades visuales.&#8221; title_text=&#8221;Foto 4 &#8211; Discapacidad Multiple&#8221; hover_enabled=&#8221;0&#8243; sticky_enabled=&#8221;0&#8243; transform_scale=&#8221;110%|110%&#8221; custom_margin=&#8221;24px||||false|false&#8221;][\/et_pb_image][\/et_pb_column][et_pb_column _builder_version=&#8221;4.18.1&#8243; _module_preset=&#8221;default&#8221; type=&#8221;1_3&#8243;][et_pb_image src=&#8221;https:\/\/infracnovi.com\/wp-content\/uploads\/2024\/09\/Foto-3.jpeg&#8221; _builder_version=&#8221;4.18.1&#8243; _module_preset=&#8221;default&#8221; alt=&#8221;Ni\u00f1o participando en una actividad de estimulaci\u00f3n visual, utilizando contrastes y colores brillantes para captar la atenci\u00f3n y desarrollar habilidades visuales&#8221; title_text=&#8221;Foto 3 &#8211; Discapacidad Multiple&#8221; hover_enabled=&#8221;0&#8243; sticky_enabled=&#8221;0&#8243; transform_scale=&#8221;106%|106%&#8221; custom_margin=&#8221;23px||||false|false&#8221;][\/et_pb_image][\/et_pb_column][\/et_pb_row][\/et_pb_section][et_pb_section fb_built=&#8221;1&#8243; theme_builder_area=&#8221;post_content&#8221; _builder_version=&#8221;4.18.1&#8243; _module_preset=&#8221;default&#8221;][et_pb_row _builder_version=&#8221;4.18.1&#8243; _module_preset=&#8221;default&#8221; column_structure=&#8221;1_2,1_2&#8243; theme_builder_area=&#8221;post_content&#8221; custom_margin=&#8221;-125px||||false|false&#8221; hover_enabled=&#8221;0&#8243; sticky_enabled=&#8221;0&#8243;][et_pb_column _builder_version=&#8221;4.18.1&#8243; _module_preset=&#8221;default&#8221; type=&#8221;1_2&#8243; theme_builder_area=&#8221;post_content&#8221;][et_pb_image src=&#8221;https:\/\/infracnovi.com\/wp-content\/uploads\/2024\/09\/WhatsApp-Image-2024-09-09-at-09.39.28.jpeg&#8221; _builder_version=&#8221;4.18.1&#8243; _module_preset=&#8221;default&#8221; theme_builder_area=&#8221;post_content&#8221; alt=&#8221;Ni\u00f1os participando en una actividad de integraci\u00f3n sensorial t\u00e1ctil, utilizando diferentes materiales y texturas para estimular el sentido del tacto&#8221; title_text=&#8221;WhatsApp Image 2024-09-09 at 09.39.28&#8243; hover_enabled=&#8221;0&#8243; sticky_enabled=&#8221;0&#8243;][\/et_pb_image][\/et_pb_column][et_pb_column _builder_version=&#8221;4.18.1&#8243; _module_preset=&#8221;default&#8221; type=&#8221;1_2&#8243; theme_builder_area=&#8221;post_content&#8221;][et_pb_image src=&#8221;https:\/\/infracnovi.com\/wp-content\/uploads\/2024\/09\/WhatsApp-Image-2024-09-09-at-09.39.28-5.jpeg&#8221; _builder_version=&#8221;4.18.1&#8243; _module_preset=&#8221;default&#8221; theme_builder_area=&#8221;post_content&#8221; title_text=&#8221;WhatsApp Image 2024-09-09 at 09.39.28 (5)&#8221; hover_enabled=&#8221;0&#8243; sticky_enabled=&#8221;0&#8243;][\/et_pb_image][\/et_pb_column][\/et_pb_row][\/et_pb_section][et_pb_section fb_built=&#8221;1&#8243; theme_builder_area=&#8221;post_content&#8221; _builder_version=&#8221;4.18.1&#8243; _module_preset=&#8221;default&#8221;][et_pb_row _builder_version=&#8221;4.18.1&#8243; _module_preset=&#8221;default&#8221; theme_builder_area=&#8221;post_content&#8221; custom_margin=&#8221;-127px||||false|false&#8221; hover_enabled=&#8221;0&#8243; sticky_enabled=&#8221;0&#8243;][et_pb_column _builder_version=&#8221;4.18.1&#8243; _module_preset=&#8221;default&#8221; type=&#8221;4_4&#8243; theme_builder_area=&#8221;post_content&#8221;][et_pb_image src=&#8221;https:\/\/infracnovi.com\/wp-content\/uploads\/2024\/09\/18.jpeg&#8221; _builder_version=&#8221;4.18.1&#8243; _module_preset=&#8221;default&#8221; theme_builder_area=&#8221;post_content&#8221; title_text=&#8221;18&#8243; hover_enabled=&#8221;0&#8243; sticky_enabled=&#8221;0&#8243;][\/et_pb_image][\/et_pb_column][\/et_pb_row][\/et_pb_section]<\/p>\n","protected":false},"excerpt":{"rendered":"","protected":false},"author":2,"featured_media":0,"parent":0,"menu_order":0,"comment_status":"closed","ping_status":"closed","template":"","meta":{"_et_pb_use_builder":"on","_et_pb_old_content":"","_et_gb_content_width":"","footnotes":""},"class_list":["post-100","page","type-page","status-publish","hentry"],"_links":{"self":[{"href":"https:\/\/infracnovi.com\/index.php?rest_route=\/wp\/v2\/pages\/100","targetHints":{"allow":["GET"]}}],"collection":[{"href":"https:\/\/infracnovi.com\/index.php?rest_route=\/wp\/v2\/pages"}],"about":[{"href":"https:\/\/infracnovi.com\/index.php?rest_route=\/wp\/v2\/types\/page"}],"author":[{"embeddable":true,"href":"https:\/\/infracnovi.com\/index.php?rest_route=\/wp\/v2\/users\/2"}],"replies":[{"embeddable":true,"href":"https:\/\/infracnovi.com\/index.php?rest_route=%2Fwp%2Fv2%2Fcomments&post=100"}],"version-history":[{"count":6,"href":"https:\/\/infracnovi.com\/index.php?rest_route=\/wp\/v2\/pages\/100\/revisions"}],"predecessor-version":[{"id":143,"href":"https:\/\/infracnovi.com\/index.php?rest_route=\/wp\/v2\/pages\/100\/revisions\/143"}],"wp:attachment":[{"href":"https:\/\/infracnovi.com\/index.php?rest_route=%2Fwp%2Fv2%2Fmedia&parent=100"}],"curies":[{"name":"wp","href":"https:\/\/api.w.org\/{rel}","templated":true}]}}